{"id":140,"date":"2022-09-14T13:08:43","date_gmt":"2022-09-14T13:08:43","guid":{"rendered":"https:\/\/doktershuishetparadijs.be\/?page_id=140"},"modified":"2022-09-23T15:42:43","modified_gmt":"2022-09-23T15:42:43","slug":"dokter-carine-vanneste","status":"publish","type":"page","link":"https:\/\/doktershuishetparadijs.be\/fr\/docteur-carine-vanneste\/","title":{"rendered":"Docteur Carine Vanneste"},"content":{"rendered":"<img loading=\"lazy\" decoding=\"async\" src=\"https:\/\/doktershuishetparadijs.be\/wp-content\/uploads\/2022\/09\/carine_bureau.png\" alt=\"carine_office\" itemprop=\"image\" height=\"829\" width=\"1244\" title=\"carine_office\" onerror=\"this.style.display='none'\"  \/>\n\t<h1>Dr Carine Vanneste<\/h1>\n<p>N\u00e9e en 1970, mari\u00e9e, deux fils.<\/p>\n<p><strong>Avec un c\u0153ur pour les gens<\/strong> J'avais d\u00e9j\u00e0 travaill\u00e9 en tant qu'infirmi\u00e8re et ma\u00eetre en gestion et politique dans un h\u00f4pital pendant 20 ans.  J'ai poursuivi ma carri\u00e8re en 2009 avec le master en m\u00e9decine \u00e0 la KUL et ensuite le master en m\u00e9decine g\u00e9n\u00e9rale 2019-2022.<\/p>\n<p><em>En concertation avec le patient, j'essaie de mettre en place des politiques de soins optimales dans un cadre scientifique.<\/em><\/p>\n\t<h1>Vous pouvez me contacter pour ...<\/h1>\n<ul>\n<li>rem\u00e9dier aux d\u00e9sagr\u00e9ments majeurs et mineurs tels que la grippe, les infections, les blessures, les blessures sportives, les coupures, les affections cutan\u00e9es (y compris l'\u00e9limination des taches \u00e9trang\u00e8res, la cong\u00e9lation des verrues), les maux de t\u00eate, les accidents, ...<\/li>\n<li>le suivi des probl\u00e8mes chroniques tels que l'hypertension, le diab\u00e8te, les allergies, les maladies cardiaques et pulmonaires, les maladies gastro-intestinales, ...<\/li>\n<li>probl\u00e8mes et questions gyn\u00e9cologiques tels que suivi de grossesse, frottis, contraception, infections (MST et autres)<\/li>\n<li>suivi urologique : fuites urinaires, probl\u00e8mes de prostate, troubles de l'\u00e9rection, ...<\/li>\n<li>le suivi de la croissance et du d\u00e9veloppement des b\u00e9b\u00e9s et des enfants<\/li>\n<li>d\u00e9tection pr\u00e9coce des maladies et examens pr\u00e9ventifs (cancer, maladies cardiovasculaires, prise de sang, ECG, ...)<\/li>\n<li>vaccinations et conseils aux voyageurs<\/li>\n<li>conseils pour les troubles psychosomatiques, les questions relatives \u00e0 la vie et \u00e0 la famille, la d\u00e9pression, ...<\/li>\n<li>le conseil en fin de vie, ...<\/li>\n<\/ul>","protected":false},"excerpt":{"rendered":"<p>Dr Carine Vanneste N\u00e9e en 1970, mari\u00e9e et m\u00e8re de deux gar\u00e7ons. Ayant \u00e0 c\u0153ur les gens, j'ai d\u00e9j\u00e0 travaill\u00e9 comme infirmi\u00e8re et master en management et politique dans un h\u00f4pital pendant 20 ans.  J'ai poursuivi ma carri\u00e8re en 2009 avec le master en m\u00e9decine \u00e0 la KUL et par la suite le master en m\u00e9decine g\u00e9n\u00e9rale 2019-2022. I ...<\/p>","protected":false},"author":1,"featured_media":0,"parent":0,"menu_order":0,"comment_status":"closed","ping_status":"closed","template":"","meta":{"_seopress_robots_primary_cat":"","_seopress_titles_title":"","_seopress_titles_desc":"","_seopress_robots_index":"","footnotes":""},"class_list":["post-140","page","type-page","status-publish","hentry"],"aioseo_notices":[],"_links":{"self":[{"href":"https:\/\/doktershuishetparadijs.be\/fr\/wp-json\/wp\/v2\/pages\/140","targetHints":{"allow":["GET"]}}],"collection":[{"href":"https:\/\/doktershuishetparadijs.be\/fr\/wp-json\/wp\/v2\/pages"}],"about":[{"href":"https:\/\/doktershuishetparadijs.be\/fr\/wp-json\/wp\/v2\/types\/page"}],"author":[{"embeddable":true,"href":"https:\/\/doktershuishetparadijs.be\/fr\/wp-json\/wp\/v2\/users\/1"}],"replies":[{"embeddable":true,"href":"https:\/\/doktershuishetparadijs.be\/fr\/wp-json\/wp\/v2\/comments?post=140"}],"version-history":[{"count":10,"href":"https:\/\/doktershuishetparadijs.be\/fr\/wp-json\/wp\/v2\/pages\/140\/revisions"}],"predecessor-version":[{"id":186,"href":"https:\/\/doktershuishetparadijs.be\/fr\/wp-json\/wp\/v2\/pages\/140\/revisions\/186"}],"wp:attachment":[{"href":"https:\/\/doktershuishetparadijs.be\/fr\/wp-json\/wp\/v2\/media?parent=140"}],"curies":[{"name":"wp","href":"https:\/\/api.w.org\/{rel}","templated":true}]}}