{"id":176,"date":"2022-09-20T09:19:35","date_gmt":"2022-09-20T09:19:35","guid":{"rendered":"https:\/\/doktershuishetparadijs.be\/?page_id=176"},"modified":"2022-09-20T09:19:35","modified_gmt":"2022-09-20T09:19:35","slug":"contact","status":"publish","type":"page","link":"https:\/\/doktershuishetparadijs.be\/fr\/contacter\/","title":{"rendered":"contacter"},"content":{"rendered":"<img decoding=\"async\" src=\"https:\/\/doktershuishetparadijs.be\/wp-content\/uploads\/2022\/09\/Tekengebied-1.png\" alt=\"Zone de dessin 1\" itemprop=\"image\" title=\"Zone de dessin 1\" onerror=\"this.style.display='none'\"  \/>\n\t<h1>Maison du docteur t'Paradise<\/h1>\n<p>Docteur Carine Vanneste<\/p>\n<p>Vaandelstraat 5 - 8930 Rekkem<\/p>\n<p>&nbsp;<\/p>\n<h1>Accessibilit\u00e9<\/h1>\n<p>Le cabinet est joignable par t\u00e9l\u00e9phone tous les jours ouvrables de 8h \u00e0 19h.<\/p>","protected":false},"excerpt":{"rendered":"<p>Doktershuis t'Paradijs Docteur Carine Vanneste Vaandelstraat 5 - 8930 Rekkem Accessibilit\u00e9 Le cabinet est joignable par t\u00e9l\u00e9phone tous les jours ouvrables de 8h \u00e0 19h.<\/p>","protected":false},"author":1,"featured_media":0,"parent":0,"menu_order":0,"comment_status":"closed","ping_status":"closed","template":"","meta":{"_seopress_robots_primary_cat":"","_seopress_titles_title":"","_seopress_titles_desc":"","_seopress_robots_index":"","footnotes":""},"class_list":["post-176","page","type-page","status-publish","hentry"],"aioseo_notices":[],"_links":{"self":[{"href":"https:\/\/doktershuishetparadijs.be\/fr\/wp-json\/wp\/v2\/pages\/176","targetHints":{"allow":["GET"]}}],"collection":[{"href":"https:\/\/doktershuishetparadijs.be\/fr\/wp-json\/wp\/v2\/pages"}],"about":[{"href":"https:\/\/doktershuishetparadijs.be\/fr\/wp-json\/wp\/v2\/types\/page"}],"author":[{"embeddable":true,"href":"https:\/\/doktershuishetparadijs.be\/fr\/wp-json\/wp\/v2\/users\/1"}],"replies":[{"embeddable":true,"href":"https:\/\/doktershuishetparadijs.be\/fr\/wp-json\/wp\/v2\/comments?post=176"}],"version-history":[{"count":2,"href":"https:\/\/doktershuishetparadijs.be\/fr\/wp-json\/wp\/v2\/pages\/176\/revisions"}],"predecessor-version":[{"id":179,"href":"https:\/\/doktershuishetparadijs.be\/fr\/wp-json\/wp\/v2\/pages\/176\/revisions\/179"}],"wp:attachment":[{"href":"https:\/\/doktershuishetparadijs.be\/fr\/wp-json\/wp\/v2\/media?parent=176"}],"curies":[{"name":"wp","href":"https:\/\/api.w.org\/{rel}","templated":true}]}}