{"id":18,"date":"2022-09-14T09:46:21","date_gmt":"2022-09-14T09:46:21","guid":{"rendered":"https:\/\/doktershuishetparadijs.be\/?page_id=18"},"modified":"2022-09-26T09:15:32","modified_gmt":"2022-09-26T09:15:32","slug":"nuttige-info","status":"publish","type":"page","link":"https:\/\/doktershuishetparadijs.be\/fr\/informations-utiles\/","title":{"rendered":"informations utiles"},"content":{"rendered":"<h1><i>\uf05a \u00a0<\/i>Informations utiles<\/h1>\n\t\t\t\t\t<a href=\"#\" id=\"fl-accordion--label-0\" tabindex=\"0\" aria-controls=\"fl-accordion--panel-0\">HEURES D'OUVERTURE<\/a>\n\t\t\t\t\t<p>Le cabinet est joignable par t\u00e9l\u00e9phone tous les jours ouvrables de 8h \u00e0 19h.<\/p>\n\t\t\t\t\t<a href=\"#\" id=\"fl-accordion--label-1\" tabindex=\"0\" aria-controls=\"fl-accordion--panel-1\">TARIFS<\/a>\n\t\t\t\t\t<p>Ik ben geconventionneerd als arts. Dat wil zeggen dat\u00a0 de offici\u00eble tarieven toegepast worden\u00a0 zoals vastgelegd in het akkoord tussen artsen en ziekenfondsen.\u00a0Het grootste deel van het bedrag wordt door uw ziekenfonds terugbetaald. Het stukje dat u zelf betaalt heet &#8220;remgeld&#8221;. Hoeveel remgeld\u00a0u betaalt hangt af van uw persoonlijke situatie en varieert tussen\u00a01 en 6 euro.\u00a0Voor 8u en na 18u geldt een\u00a0wettelijk verhoogd tarief, u betaalt dan een supplement dat volledig wordt terugbetaald indien u een GMD hebt (globaal medisch dossier, zie verder). Bij het niet nakomen van een consultatie wordt de helft van de kost van een consultatie in rekeninggebracht.<\/p>\n<p>Le site\u00a0<a href=\"http:\/\/www.cm.be\/diensten-en-voordelen\/ziekte-en-behandeling\/terugbetalingen-behandelingen\/huisartsen\/\" target=\"_blank\" rel=\"noopener\">tarifs<\/a>\u00a0sont ajust\u00e9es chaque ann\u00e9e par le gouvernement.<\/p>\n<p><strong>Consultation<\/strong> \u20ac 27,50 &#8211;\u00a0<strong>Visite \u00e0 domicile<\/strong> 40 \u20ac (tarifs janvier 2021)<\/p>\n<p>Consultation par t\u00e9l\u00e9phone X euros pay\u00e9s par la mutuelle de sant\u00e9, en tant que patient vous ne payez pas de frais de patient.<\/p>\n<p><strong>Le paiement par contact bancaire est possible et souhaitable.<\/strong><\/p>\n\t\t\t\t\t<a href=\"#\" id=\"fl-accordion--label-2\" tabindex=\"0\" aria-controls=\"fl-accordion--panel-2\">CONSULTATION<\/a>\n\t\t\t\t\t<p>Raadpleging op afspraak: normale afspraak voorziet 15 minuten voor alle vragen, problemen, gesprekken en onderzoeken. Spaar uw klachten niet op ,maar kom regelmatig en tijdig naar uw huisarts. Deze afspraken staan standaard open in de agenda. Een deel van deze afspraken zijn pas zichtbaar vanaf \u00a06 uur &#8217;s ochtends om te zorgen dat u de dag zelf indien nodig , nog een afspraak kan boeken.\u00a0<\/p>\n<p>Consultation t\u00e9l\u00e9phonique : vous pouvez r\u00e9server cette consultation uniquement si vous \u00eates un patient de notre cabinet. Lors d'une consultation t\u00e9l\u00e9phonique, le m\u00e9decin vous appelle. Une consultation t\u00e9l\u00e9phonique sert \u00e0 demander des r\u00e9sultats, \u00e0 obtenir un bref conseil sur un probl\u00e8me aigu, \u00e0 poser des questions administratives ou des questions sur les examens de suivi et la pr\u00e9vention.<\/p>\n<p>Que se passe-t-il s'il n'y a plus de consultations disponibles ? Si le calendrier num\u00e9rique est plein et que vous souhaitez quand m\u00eame consulter un m\u00e9decin ce jour-l\u00e0, appelez le secr\u00e9tariat. Le secr\u00e9tariat peut r\u00e9server une consultation \u00e0 un moment que nous gardons libre \u00e0 cet effet.<\/p>\n<p>Les conseils aux voyageurs ne sont pas donn\u00e9s par t\u00e9l\u00e9phone ; il est donc pr\u00e9f\u00e9rable de prendre rendez-vous. Nous passerons ensuite en revue ensemble les vaccins n\u00e9cessaires, le risque de paludisme, votre pharmacie de voyage, etc.  Vous pouvez vous pr\u00e9parer au rendez-vous en consultant le site web de l'Institut de m\u00e9decine tropicale (<a href=\"http:\/\/www.itg.be\/\" target=\"_blank\" rel=\"noopener\">www.itg.be<\/a>).<\/p>\n<p>Les visites \u00e0 domicile sont exceptionnellement effectu\u00e9es pour les personnes tr\u00e8s malades ou ayant des probl\u00e8mes de mobilit\u00e9. Ne peut \u00eatre demand\u00e9 que par t\u00e9l\u00e9phone, si possible avant 10 h. Uniquement dans la r\u00e9gion. Dans la mesure du possible, venez \u00e0 la pratique elle-m\u00eame. L\u00e0, nous pourrons mieux vous aider.<\/p>\n\t\t\t\t\t<a href=\"#\" id=\"fl-accordion--label-3\" tabindex=\"0\" aria-controls=\"fl-accordion--panel-3\">QU'EMPORTEZ-VOUS AVEC VOUS EN CONSULTATION ?<\/a>\n\t\t\t\t\tEmportez toujours votre carte d'identit\u00e9 (ou, pour les enfants, la carte d'identit\u00e9 des enfants ou la carte ISI) lors de la consultation.\u00a0<br \/>\nIl contient tous les d\u00e9tails dont nous avons besoin pour cr\u00e9er un dossier, renouveler votre DGM, pr\u00e9parer des certificats sp\u00e9ciaux, demander un test de laboratoire, et quelques autres choses.\u00a0\n\t\t\t\t\t<a href=\"#\" id=\"fl-accordion--label-4\" tabindex=\"0\" aria-controls=\"fl-accordion--panel-4\">R\u00c8GLEMENTS ET CERTIFICATS<\/a>\n\t\t\t\t\tL'INAMI (Institut national d'assurance maladie et invalidit\u00e9) et l'Ordre des m\u00e9decins interdisent aux m\u00e9decins de d\u00e9livrer des ordonnances et des certificats sans avoir vu le patient. Votre m\u00e9decin g\u00e9n\u00e9raliste ne peut donc d\u00e9livrer des ordonnances ou des certificats que lors d'une consultation ou d'une visite \u00e0 domicile et non sur demande t\u00e9l\u00e9phonique.<br \/>\nLa d\u00e9livrance d'ordonnances, de certificats et de documents constitue une part importante du travail et de la responsabilit\u00e9 de votre m\u00e9decin g\u00e9n\u00e9raliste.\u00a0<br \/>\n<strong>Ainsi, pour remplir les attestations, il est pr\u00e9f\u00e9rable de prendre rendez-vous.<\/strong>\u00a0Apr\u00e8s tout, il faut du temps pour inspecter le dossier. Votre m\u00e9decin ne doit r\u00e9diger que des attestations conformes \u00e0 la v\u00e9rit\u00e9. Ne demandez que ce qui est raisonnable, r\u00e9el et justifi\u00e9.<br \/>\nPour les r\u00e8gles relatives aux enfants et \u00e0 leurs absences, veuillez consulter le site <a href=\"http:\/\/www.ond.vlaanderen.be\/leerplicht\/\" target=\"_blank\" rel=\"noopener\">www.ond.vlaanderen.be\/leerplicht<\/a>.\n<strong>Les ordonnances ne sont \u00e9galement d\u00e9livr\u00e9es que pendant la consultation.\u00a0<\/strong>Pour un nouveau m\u00e9dicament, vous devez toujours venir \u00e0 la consultation. Pour le renouvellement d'un m\u00e9dicament chronique, des prescriptions suffisantes seront donn\u00e9es pendant la consultation jusqu'\u00e0 ce qu'un nouvel examen m\u00e9dical soit n\u00e9cessaire.\u00a0<br \/>\nLe retrait d'une ordonnance sans consultation ou d'un m\u00e9dicament sans ordonnance du pharmacien doit rester une exception.\n<strong>Votre m\u00e9decin g\u00e9n\u00e9raliste ne doit r\u00e9diger que des certificats conformes \u00e0 la v\u00e9rit\u00e9. Ne lui compliquez donc pas la t\u00e2che : demandez uniquement ce qui est raisonnable, authentique et justifi\u00e9.<\/strong><br \/>\n<strong>Les faux certificats seront toujours refus\u00e9s.<\/strong>\n\t\t\t\t\t<a href=\"#\" id=\"fl-accordion--label-5\" tabindex=\"0\" aria-controls=\"fl-accordion--panel-5\">T\u00c9MOINS<\/a>\n\t\t\t\t\t<p>Votre m\u00e9decin prend parfois aussi un cong\u00e9. Ceci est toujours notifi\u00e9 bien \u00e0 l'avance.<\/p>\n<p>Les jours f\u00e9ri\u00e9s et les jours de ponts associ\u00e9s, le cabinet est compl\u00e8tement ferm\u00e9 !<\/p>\n\t\t\t\t\t<a href=\"#\" id=\"fl-accordion--label-6\" tabindex=\"0\" aria-controls=\"fl-accordion--panel-6\">RECHERCHE SUR LES SPORTS<\/a>\n<p>Cette enqu\u00eate s'adresse aussi bien aux personnes qui font du sport pour le plaisir ou la sant\u00e9 (sportifs r\u00e9cr\u00e9atifs) qu'\u00e0 celles qui participent \u00e0 des comp\u00e9titions (sportifs de comp\u00e9tition). L'examen n'est pas obligatoire, sauf si votre f\u00e9d\u00e9ration sportive d\u00e9cide de le rendre obligatoire.\u00a0<\/p>\nOnder de leeftijd van 14 jaar doen we dit\u00a0sportmedisch onderzoek aan de hand van een bevraging naar persoonlijke en familiale risicofactoren. Vanaf 14 jaar komt daar soms nog een rustelektrocardiogram bij (&#8220;filmpje van het hart&#8221;). Indien nodig wordt\u00a0op basis van de voorgaande onderzoeken nog een\u00a0elektrocardiogram bij inspanning uitgevoerd (via de hartspecialist). Let wel, dit sluit de kans op <a href=\"https:\/\/www.gezondheidenwetenschap.be\/gezondheid-in-de-media\/moeten-amateursporters-gescreend-worden\" target=\"_blank\" rel=\"noopener\">mort subite pendant l'exercice<\/a> mais pas compl\u00e8tement.\u00a0<br \/>\n\u00a0\u00a0\u00a0\u00a0<br \/>\nPour vous pr\u00e9parer \u00e0 la consultation, surfez sur\u00a0<a href=\"http:\/\/www.sportkeuring.be\/\" target=\"_blank\" rel=\"noopener\">www.sportkeuring.be<\/a>\u00a0en vult u de vragenlijst in. Breng deze voorbereiding mee naar de raadpleging.\nOpgelet! De sporten waarvoor je als\u00a0<strong>GP<\/strong>\u00a0mag keuren zijn oa. voetbal,\u00a0volleybal,\u00a0basketbal&#8230;\u00a0<br \/>\nPour certains sports, vous devez \u00eatre inspect\u00e9 par un organisme reconnu.\u00a0<strong>m\u00e9decin du sport<\/strong>\u00a0(uw sportschool zal je dit zeggen) (oa.\u00a0triatlon, wielrennen, diepzeeduiken&#8230;). Wij\u00a0kunnen je helpen\u00a0<a href=\"https:\/\/www.sportartsen.be\/sportartsen\" target=\"_blank\" rel=\"noopener\">quelqu'un\u00a0<\/a><a href=\"https:\/\/www.sportartsen.be\/sportartsen\" target=\"_blank\" rel=\"noopener\">\u00e0 trouver<\/a><a href=\"https:\/\/www.sportartsen.be\/sportartsen\" target=\"_blank\" rel=\"noopener\">\u00a0pr\u00e8s de<\/a>en consid\u00e9rant que je\u00a0<strong>pas de<\/strong>\u00a0m\u00e9decin du sport am.\n\t\t\t\t\t<a href=\"#\" id=\"fl-accordion--label-7\" tabindex=\"0\" aria-controls=\"fl-accordion--panel-7\">CORONA<\/a>\n\t\t\t\t\t<p>Info over wanneer , waar testen, hoe aan code komen voor test, testresultaten&#8230;.<\/p>\n<p>se trouve \u00e0 l'adresse suivante : <a href=\"http:\/\/www.mijngezondheid.belgie.be\">ma-sant\u00e9.belgique.be<\/a><\/p>\n\t\t\t\t\t<a href=\"#\" id=\"fl-accordion--label-8\" tabindex=\"0\" aria-controls=\"fl-accordion--panel-8\">L'ACC\u00c8S \u00c0 VOS DONN\u00c9ES DE SANT\u00c9<\/a>\n\t\t\t\t\t<p>Op &#8220;<a href=\"http:\/\/www.mijngezondheid.belgie.be\/\" target=\"_blank\" rel=\"noopener\">Ma sant\u00e9<\/a>&#8221; wilt de overheid al uw gezondheidsgevens bundelen : zo worden alle gezondheidsgegevens die digitaal beschikbaar zijn via \u00e9\u00e9n centrale toegangspoort omsloten. Je hoeft je dus niet meer af te vragen welke gegevens op welk platform zitten. Het enige adres dat je nog moet onthouden, is\u00a0<a href=\"http:\/\/www.mijngezondheid.belgie.be\/\" target=\"_blank\" rel=\"noopener\">www.mijngezondheid.belgie.be<\/a>.\u00a0Van daaruit kan je snel en eenvoudig doorklikken naar alle platformen die voor jou van belang zijn: naar vitalink (als je in Vlaanderen woont), naar de hub waartoe je ziekenhuis\/ziekenhuizen behoren, naar het rijksregister&#8230;<\/p>\n<p>Vous trouverez :<\/p>\n<ul>\n<li>medische informatie die zorgverleners (uw huisarts, uw artsen in het ziekenhuis, uw apotheker, verpleegster &#8230;) elektronisch bewaren en delen (vb. vitalink, verpleegkundig thuisdossier (enkel wit-geel-kruis), de hub, &#8230;)<\/li>\n<li>les informations de votre caisse d'assurance maladie (par exemple sur les remboursements)<\/li>\n<li>des informations provenant d'organismes gouvernementaux (par exemple, l'enregistrement des dons d'organes) ;<\/li>\n<li>des informations sur les associations de patients via le site web de la Plate-forme flamande des patients (VPP).<\/li>\n<li>e-box: elke burger heeft een veilige mailbox, die normaal niet &#8216;gehackt&#8217; kan worden<\/li>\n<li>relation th\u00e9rapeutique : vous pouvez g\u00e9rer qui peut avoir acc\u00e8s \u00e0 vos donn\u00e9es et qui ne peut pas (plus d'infos : via\u00a0<a href=\"http:\/\/www.patientconsent.be\/\" target=\"_blank\" rel=\"noopener\">patientconsent.co.uk<\/a>ou peut-\u00eatre plus facilement via\u00a0<a href=\"https:\/\/youtu.be\/lyJQfE7pkJA\" target=\"_blank\" rel=\"noopener\">cette vid\u00e9o<\/a><\/li>\n<\/ul>\n<strong>Site web ?\u00a0<\/strong><br \/>\n\u200b<a href=\"http:\/\/mijngezondheid.belgie.be\/\" target=\"_blank\" rel=\"noopener\">ma-sant\u00e9.belgique.be<\/a><br \/>\nSi vous avez besoin d'aide pour postuler, veuillez cliquer sur\u00a0<a href=\"https:\/\/www.youtube.com\/watch?v=chIz3YN7zz4\" target=\"_blank\" rel=\"noopener\">ici<\/a>.\n\t\t\t\t\t<a href=\"#\" id=\"fl-accordion--label-9\" tabindex=\"0\" aria-controls=\"fl-accordion--panel-9\">SECR\u00c9TAIRE<\/a>\n\t\t\t\t\t<p>La t\u00e9l\u00e9phonie \u00e9tant perturbante lors des consultations, votre m\u00e9decin travaille avec la sonnerie du t\u00e9l\u00e9secr\u00e9taire.<\/p>\n<p><strong>Notre secr\u00e9tariat est joignable au num\u00e9ro suivant : 056\/490631<\/strong><\/p>\n<p><strong>Ou faire un <a href=\"https:\/\/onlinebooking.myorganizer.online?guid=MGViZmFkZTUtYTE0NS00Y2FjLTk0NGEtYTE5YTdjMTk3Zjgw&amp;role=OA%3D%3D&amp;language=bmxfQkU%3D\">rendez-vous en ligne<\/a>\u00a0<\/strong><\/p>","protected":false},"excerpt":{"rendered":"<p>\uf05a \u00a0Nuttige info OPENINGSUREN De praktijk is elke werkdag\u00a0telefonisch\u00a0 bereikbaar van 8u tot 19u . TARIEVEN Ik ben geconventionneerd als arts. Dat wil zeggen dat\u00a0 de offici\u00eble tarieven toegepast worden\u00a0 zoals vastgelegd in het akkoord tussen artsen en ziekenfondsen.\u00a0Het grootste deel van het bedrag wordt door uw ziekenfonds terugbetaald. Het stukje dat u zelf betaalt&hellip;<\/p>","protected":false},"author":1,"featured_media":0,"parent":0,"menu_order":0,"comment_status":"closed","ping_status":"closed","template":"","meta":{"_seopress_robots_primary_cat":"","_seopress_titles_title":"","_seopress_titles_desc":"","_seopress_robots_index":"","footnotes":""},"class_list":["post-18","page","type-page","status-publish","hentry"],"aioseo_notices":[],"_links":{"self":[{"href":"https:\/\/doktershuishetparadijs.be\/fr\/wp-json\/wp\/v2\/pages\/18","targetHints":{"allow":["GET"]}}],"collection":[{"href":"https:\/\/doktershuishetparadijs.be\/fr\/wp-json\/wp\/v2\/pages"}],"about":[{"href":"https:\/\/doktershuishetparadijs.be\/fr\/wp-json\/wp\/v2\/types\/page"}],"author":[{"embeddable":true,"href":"https:\/\/doktershuishetparadijs.be\/fr\/wp-json\/wp\/v2\/users\/1"}],"replies":[{"embeddable":true,"href":"https:\/\/doktershuishetparadijs.be\/fr\/wp-json\/wp\/v2\/comments?post=18"}],"version-history":[{"count":21,"href":"https:\/\/doktershuishetparadijs.be\/fr\/wp-json\/wp\/v2\/pages\/18\/revisions"}],"predecessor-version":[{"id":188,"href":"https:\/\/doktershuishetparadijs.be\/fr\/wp-json\/wp\/v2\/pages\/18\/revisions\/188"}],"wp:attachment":[{"href":"https:\/\/doktershuishetparadijs.be\/fr\/wp-json\/wp\/v2\/media?parent=18"}],"curies":[{"name":"wp","href":"https:\/\/api.w.org\/{rel}","templated":true}]}}