{"id":54,"date":"2022-08-24T21:06:27","date_gmt":"2022-08-24T21:06:27","guid":{"rendered":"https:\/\/doktershuishetparadijs.be\/?page_id=54"},"modified":"2022-09-27T11:53:22","modified_gmt":"2022-09-27T11:53:22","slug":"welkom-bij-doktershuis-het-paradijs","status":"publish","type":"page","link":"https:\/\/doktershuishetparadijs.be\/fr\/","title":{"rendered":"Bienvenue au paradis de la maison du docteur"},"content":{"rendered":"<img loading=\"lazy\" decoding=\"async\" src=\"https:\/\/doktershuishetparadijs.be\/wp-content\/uploads\/2022\/09\/Carine.png\" alt=\"Carine\" itemprop=\"image\" height=\"1154\" width=\"781\" title=\"Carine\" onerror=\"this.style.display='none'\"  \/>\n\t<h1><strong>Bienvenue !<\/strong><\/h1>\n<h1>Chez doktershuis Het Paradijs<\/h1>\n<hr \/>\n<p>Bienvenue ! Chez doktershuis Het Paradijs. Doktershuis Het Paradijs est le cabinet individuel du Dr Carine Vanneste. Avec moi, chaque patient est le bienvenu. Vous pouvez venir me voir pour toutes les plaintes et les probl\u00e8mes possibles. J'offre des soins accessibles dans une atmosph\u00e8re famili\u00e8re. Je m'efforce d'offrir des soins personnalis\u00e9s dans lesquels la coop\u00e9ration avec vous et les autres disciplines<\/p>\n<p><strong>Je m'engage \u00e0 vous aider et \u00e0 vous guider au mieux de mes capacit\u00e9s.<\/strong><\/p>\n\t\t\t<a href=\"https:\/\/onlinebooking.myorganizer.online?guid=MGViZmFkZTUtYTE0NS00Y2FjLTk0NGEtYTE5YTdjMTk3Zjgw&#038;role=OA%3D%3D&#038;language=bmxfQkU%3D\" target=\"_blank\" role=\"button\" rel=\"noopener\">\n\t\t\t\t\t\tPrendre un rendez-vous en ligne\n\t\t\t\t\t<\/a>\n\t\t\t<a href=\"\" target=\"_self\" role=\"button\" rel=\"noopener\">\n\t\t\t\t\t\tPrendre un rendez-vous par t\u00e9l\u00e9phone - 056 49 06 31 \n\t\t\t\t\t<\/a>","protected":false},"excerpt":{"rendered":"<p>Bienvenue ! A la Maison du Docteur Le Paradis. Doktershuis Het Paradijs est le cabinet individuel du Dr Carine Vanneste. Chez moi, chaque patient est le bienvenu. Vous pouvez venir me voir pour tous vos probl\u00e8mes et plaintes. J'offre des soins accessibles dans une atmosph\u00e8re famili\u00e8re. Je m'efforce d'offrir des soins personnalis\u00e9s dans le cadre d'une collaboration avec vous et d'autres disciplines...<\/p>","protected":false},"author":1,"featured_media":0,"parent":0,"menu_order":0,"comment_status":"closed","ping_status":"closed","template":"","meta":{"_seopress_robots_primary_cat":"","_seopress_titles_title":"","_seopress_titles_desc":"","_seopress_robots_index":"","footnotes":""},"class_list":["post-54","page","type-page","status-publish","hentry"],"aioseo_notices":[],"_links":{"self":[{"href":"https:\/\/doktershuishetparadijs.be\/fr\/wp-json\/wp\/v2\/pages\/54","targetHints":{"allow":["GET"]}}],"collection":[{"href":"https:\/\/doktershuishetparadijs.be\/fr\/wp-json\/wp\/v2\/pages"}],"about":[{"href":"https:\/\/doktershuishetparadijs.be\/fr\/wp-json\/wp\/v2\/types\/page"}],"author":[{"embeddable":true,"href":"https:\/\/doktershuishetparadijs.be\/fr\/wp-json\/wp\/v2\/users\/1"}],"replies":[{"embeddable":true,"href":"https:\/\/doktershuishetparadijs.be\/fr\/wp-json\/wp\/v2\/comments?post=54"}],"version-history":[{"count":23,"href":"https:\/\/doktershuishetparadijs.be\/fr\/wp-json\/wp\/v2\/pages\/54\/revisions"}],"predecessor-version":[{"id":191,"href":"https:\/\/doktershuishetparadijs.be\/fr\/wp-json\/wp\/v2\/pages\/54\/revisions\/191"}],"wp:attachment":[{"href":"https:\/\/doktershuishetparadijs.be\/fr\/wp-json\/wp\/v2\/media?parent=54"}],"curies":[{"name":"wp","href":"https:\/\/api.w.org\/{rel}","templated":true}]}}